{"id":510,"date":"2019-03-06T08:02:47","date_gmt":"2019-03-06T08:02:47","guid":{"rendered":"http:\/\/mau3.maudep.com.vn\/gomsu\/?page_id=510"},"modified":"2025-07-17T14:59:58","modified_gmt":"2025-07-17T07:59:58","slug":"contact","status":"publish","type":"page","link":"https:\/\/cottovietnam.com\/en\/contact\/","title":{"rendered":"Contact"},"content":{"rendered":"\t<section class=\"section\" id=\"section_1281835496\">\n\t\t<div class=\"bg section-bg fill bg-fill bg-loaded bg-loaded\" >\n\n\t\t\t\n\t\t\t\n\t\t\t\n\n\t\t<\/div>\n\n\t\t<div class=\"section-content relative\">\n\t\t\t\n<div class=\"row\"  id=\"row-1368032852\">\n\n\t<div id=\"col-1831648671\" class=\"col medium-6 small-12 large-6\"  >\n\t\t\t\t<div class=\"col-inner\"  >\n\t\t\t\n\t\t\t\n<h2><span style=\"color: #000000;\">CONTACT INFORMATION<\/span><\/h2>\n<h4><i class=\"fa-solid fa-location-dot\"><\/i>Address:<\/h4>\n<p>Khu c\u00f4ng nghi\u1ec7p B\u00ecnh Xuy\u00ean, X\u00e3 B\u00ecnh Nguy\u00ean, T\u1ec9nh Ph\u00fa Th\u1ecd, Vi\u1ec7t Nam<\/p>\n<p><iframe loading=\"lazy\" style=\"border: 0;\" src=\"https:\/\/www.google.com\/maps\/embed?pb=!1m18!1m12!1m3!1d3718.3914800357784!2d105.6621519783992!3d21.255965930044525!2m3!1f0!2f0!3f0!3m2!1i1024!2i768!4f13.1!3m3!1m2!1s0x3134fb674d7c9abf%3A0x64013d1eed7135ba!2zS2h1IGPDtG5nIG5naGnhu4dwIELDrG5oIFh1ecOqbg!5e0!3m2!1svi!2s!4v1745483636216!5m2!1svi!2s\" width=\"100%\" height=\"190\" allowfullscreen=\"allowfullscreen\"><\/iframe><\/p>\n<h4><i class=\"fa-solid fa-location-dot\"><\/i>Address:<\/h4>\n<p><p>115 \u0110i\u1ec7n Bi\u00ean Ph\u1ee7, Q B\u00ecnh Th\u1ea1nh, HCM<\/p>\n<p><iframe src=\"https:\/\/www.google.com\/maps\/embed?pb=!1m18!1m12!1m3!1d3919.191987810878!2d106.70022161166861!3d10.796602958774722!2m3!1f0!2f0!3f0!3m2!1i1024!2i768!4f13.1!3m3!1m2!1s0x317528b657dc0001%3A0x7d5d53f39ecfa391!2zMTE1IMSQaeG7h24gQmnDqm4gUGjhu6csIFBoxrDhu51uZyAyLCBCw6xuaCBUaOG6oW5oLCBI4buTIENow60gTWluaCwgVmnhu4d0IE5hbQ!5e0!3m2!1svi!2s!4v1752738195669!5m2!1svi!2s\" width=\"100%\" height=\"190\" style=\"border:0;\" allowfullscreen=\"\" loading=\"lazy\" referrerpolicy=\"no-referrer-when-downgrade\"><\/iframe><\/p>\n\t\t<\/div>\n\t\t\t\t\t<\/div>\n\n\t\n\n\t<div id=\"col-1987066673\" class=\"col medium-6 small-12 large-6\"  >\n\t\t\t\t<div class=\"col-inner\"  >\n\t\t\t\n\t\t\t\n\n<div class=\"wpcf7 no-js\" id=\"wpcf7-f10-o1\" lang=\"en-US\" dir=\"ltr\" data-wpcf7-id=\"10\">\n<div class=\"screen-reader-response\"><p role=\"status\" aria-live=\"polite\" aria-atomic=\"true\"><\/p> <ul><\/ul><\/div>\n<form action=\"\/en\/wp-json\/wp\/v2\/pages\/510#wpcf7-f10-o1\" method=\"post\" class=\"wpcf7-form init\" aria-label=\"Contact form\" novalidate=\"novalidate\" data-status=\"init\">\n<div style=\"display: none;\">\n<input type=\"hidden\" name=\"_wpcf7\" value=\"10\" \/>\n<input type=\"hidden\" name=\"_wpcf7_version\" value=\"6.0.6\" \/>\n<input type=\"hidden\" name=\"_wpcf7_locale\" value=\"en_US\" \/>\n<input type=\"hidden\" name=\"_wpcf7_unit_tag\" value=\"wpcf7-f10-o1\" \/>\n<input type=\"hidden\" name=\"_wpcf7_container_post\" value=\"0\" \/>\n<input type=\"hidden\" name=\"_wpcf7_posted_data_hash\" value=\"\" \/>\n<\/div>\n<h2>REGISTER NOW\n<\/h2>\n<p><span class=\"wpcf7-form-control-wrap\" data-name=\"text-644\"><input size=\"40\" maxlength=\"400\" class=\"wpcf7-form-control wpcf7-text wpcf7-validates-as-required\" aria-required=\"true\" aria-invalid=\"false\" placeholder=\"Full name\" value=\"\" type=\"text\" name=\"text-644\" \/><\/span><br \/>\n<span class=\"wpcf7-form-control-wrap\" data-name=\"email-502\"><input size=\"40\" maxlength=\"400\" class=\"wpcf7-form-control wpcf7-email wpcf7-validates-as-required wpcf7-text wpcf7-validates-as-email\" aria-required=\"true\" aria-invalid=\"false\" placeholder=\"Email\" value=\"\" type=\"email\" name=\"email-502\" \/><\/span><br \/>\n<span class=\"wpcf7-form-control-wrap\" data-name=\"tel-487\"><input size=\"40\" maxlength=\"400\" class=\"wpcf7-form-control wpcf7-tel wpcf7-validates-as-required wpcf7-text wpcf7-validates-as-tel\" aria-required=\"true\" aria-invalid=\"false\" placeholder=\"Phone\" value=\"\" type=\"tel\" name=\"tel-487\" \/><\/span><br \/>\n<span class=\"wpcf7-form-control-wrap\" data-name=\"textarea-692\"><textarea cols=\"40\" rows=\"10\" maxlength=\"2000\" class=\"wpcf7-form-control wpcf7-textarea wpcf7-validates-as-required\" aria-required=\"true\" aria-invalid=\"false\" name=\"textarea-692\">Content<\/textarea><\/span><br \/>\n<input class=\"wpcf7-form-control wpcf7-submit has-spinner\" type=\"submit\" value=\"Register\" \/>\n<\/p><div class=\"wpcf7-response-output\" aria-hidden=\"true\"><\/div>\n<\/form>\n<\/div>\n\n\t\t<\/div>\n\t\t\t\t\t<\/div>\n\n\t\n<\/div>\n\t\t<\/div>\n\n\t\t\n<style>\n#section_1281835496 {\n  padding-top: 30px;\n  padding-bottom: 30px;\n}\n<\/style>\n\t<\/section>\n\t\n","protected":false},"excerpt":{"rendered":"","protected":false},"author":1,"featured_media":0,"parent":0,"menu_order":22,"comment_status":"closed","ping_status":"closed","template":"page-blank.php","meta":{"_acf_changed":false,"footnotes":""},"class_list":["post-510","page","type-page","status-publish","hentry"],"acf":[],"yoast_head":"<!-- This site is optimized with the Yoast SEO plugin v24.9 - https:\/\/yoast.com\/wordpress\/plugins\/seo\/ -->\n<title>COTTO VI\u1ec6T NAM<\/title>\n<meta name=\"robots\" content=\"index, follow, max-snippet:-1, max-image-preview:large, max-video-preview:-1\" \/>\n<link rel=\"canonical\" href=\"https:\/\/cottovietnam.com\/en\/contact\/\" \/>\n<meta property=\"og:locale\" content=\"en_US\" \/>\n<meta property=\"og:type\" content=\"article\" \/>\n<meta property=\"og:title\" content=\"COTTO VI\u1ec6T NAM\" \/>\n<meta property=\"og:url\" content=\"https:\/\/cottovietnam.com\/en\/contact\/\" \/>\n<meta property=\"og:site_name\" content=\"COTTO VI\u1ec6T NAM\" \/>\n<meta property=\"article:modified_time\" content=\"2025-07-17T07:59:58+00:00\" \/>\n<meta name=\"twitter:card\" content=\"summary_large_image\" \/>\n<meta name=\"twitter:label1\" content=\"Est. reading time\" \/>\n\t<meta name=\"twitter:data1\" content=\"1 minute\" \/>\n<script type=\"application\/ld+json\" class=\"yoast-schema-graph\">{\"@context\":\"https:\/\/schema.org\",\"@graph\":[{\"@type\":\"WebPage\",\"@id\":\"https:\/\/cottovietnam.com\/en\/contact\/\",\"url\":\"https:\/\/cottovietnam.com\/en\/contact\/\",\"name\":\"COTTO VI\u1ec6T NAM\",\"isPartOf\":{\"@id\":\"https:\/\/cottovietnam.com\/en\/#website\"},\"datePublished\":\"2019-03-06T08:02:47+00:00\",\"dateModified\":\"2025-07-17T07:59:58+00:00\",\"breadcrumb\":{\"@id\":\"https:\/\/cottovietnam.com\/en\/contact\/#breadcrumb\"},\"inLanguage\":\"en-US\",\"potentialAction\":[{\"@type\":\"ReadAction\",\"target\":[\"https:\/\/cottovietnam.com\/en\/contact\/\"]}]},{\"@type\":\"BreadcrumbList\",\"@id\":\"https:\/\/cottovietnam.com\/en\/contact\/#breadcrumb\",\"itemListElement\":[{\"@type\":\"ListItem\",\"position\":1,\"name\":\"Home\",\"item\":\"https:\/\/cottovietnam.com\/en\/\"},{\"@type\":\"ListItem\",\"position\":2,\"name\":\"Contact\"}]},{\"@type\":\"WebSite\",\"@id\":\"https:\/\/cottovietnam.com\/en\/#website\",\"url\":\"https:\/\/cottovietnam.com\/en\/\",\"name\":\"COTTO VI\u1ec6T NAM\",\"description\":\"\",\"potentialAction\":[{\"@type\":\"SearchAction\",\"target\":{\"@type\":\"EntryPoint\",\"urlTemplate\":\"https:\/\/cottovietnam.com\/en\/?s={search_term_string}\"},\"query-input\":{\"@type\":\"PropertyValueSpecification\",\"valueRequired\":true,\"valueName\":\"search_term_string\"}}],\"inLanguage\":\"en-US\"}]}<\/script>\n<!-- \/ Yoast SEO plugin. -->","yoast_head_json":{"title":"COTTO VI\u1ec6T NAM","robots":{"index":"index","follow":"follow","max-snippet":"max-snippet:-1","max-image-preview":"max-image-preview:large","max-video-preview":"max-video-preview:-1"},"canonical":"https:\/\/cottovietnam.com\/en\/contact\/","og_locale":"en_US","og_type":"article","og_title":"COTTO VI\u1ec6T NAM","og_url":"https:\/\/cottovietnam.com\/en\/contact\/","og_site_name":"COTTO VI\u1ec6T NAM","article_modified_time":"2025-07-17T07:59:58+00:00","twitter_card":"summary_large_image","twitter_misc":{"Est. reading time":"1 minute"},"schema":{"@context":"https:\/\/schema.org","@graph":[{"@type":"WebPage","@id":"https:\/\/cottovietnam.com\/en\/contact\/","url":"https:\/\/cottovietnam.com\/en\/contact\/","name":"COTTO VI\u1ec6T NAM","isPartOf":{"@id":"https:\/\/cottovietnam.com\/en\/#website"},"datePublished":"2019-03-06T08:02:47+00:00","dateModified":"2025-07-17T07:59:58+00:00","breadcrumb":{"@id":"https:\/\/cottovietnam.com\/en\/contact\/#breadcrumb"},"inLanguage":"en-US","potentialAction":[{"@type":"ReadAction","target":["https:\/\/cottovietnam.com\/en\/contact\/"]}]},{"@type":"BreadcrumbList","@id":"https:\/\/cottovietnam.com\/en\/contact\/#breadcrumb","itemListElement":[{"@type":"ListItem","position":1,"name":"Home","item":"https:\/\/cottovietnam.com\/en\/"},{"@type":"ListItem","position":2,"name":"Contact"}]},{"@type":"WebSite","@id":"https:\/\/cottovietnam.com\/en\/#website","url":"https:\/\/cottovietnam.com\/en\/","name":"COTTO VI\u1ec6T NAM","description":"","potentialAction":[{"@type":"SearchAction","target":{"@type":"EntryPoint","urlTemplate":"https:\/\/cottovietnam.com\/en\/?s={search_term_string}"},"query-input":{"@type":"PropertyValueSpecification","valueRequired":true,"valueName":"search_term_string"}}],"inLanguage":"en-US"}]}},"_links":{"self":[{"href":"https:\/\/cottovietnam.com\/en\/wp-json\/wp\/v2\/pages\/510","targetHints":{"allow":["GET"]}}],"collection":[{"href":"https:\/\/cottovietnam.com\/en\/wp-json\/wp\/v2\/pages"}],"about":[{"href":"https:\/\/cottovietnam.com\/en\/wp-json\/wp\/v2\/types\/page"}],"author":[{"embeddable":true,"href":"https:\/\/cottovietnam.com\/en\/wp-json\/wp\/v2\/users\/1"}],"replies":[{"embeddable":true,"href":"https:\/\/cottovietnam.com\/en\/wp-json\/wp\/v2\/comments?post=510"}],"version-history":[{"count":14,"href":"https:\/\/cottovietnam.com\/en\/wp-json\/wp\/v2\/pages\/510\/revisions"}],"predecessor-version":[{"id":5402,"href":"https:\/\/cottovietnam.com\/en\/wp-json\/wp\/v2\/pages\/510\/revisions\/5402"}],"wp:attachment":[{"href":"https:\/\/cottovietnam.com\/en\/wp-json\/wp\/v2\/media?parent=510"}],"curies":[{"name":"wp","href":"https:\/\/api.w.org\/{rel}","templated":true}]}}