{"id":6164,"date":"2025-07-22T14:25:58","date_gmt":"2025-07-22T07:25:58","guid":{"rendered":"https:\/\/cottovietnam.com\/en\/san-pham\/c11007-mbk-ban-cau-mot-khoi\/"},"modified":"2025-07-22T14:25:58","modified_gmt":"2025-07-22T07:25:58","slug":"c11007-mbk-ban-cau-mot-khoi","status":"publish","type":"product","link":"https:\/\/cottovietnam.com\/en\/product\/c11007-mbk-ban-cau-mot-khoi\/","title":{"rendered":"C11007 MBK B\u00e0n c\u1ea7u m\u1ed9t kh\u1ed1i"},"content":{"rendered":"<p>Product: B\u00e0n c\u1ea7u 1 kh\u1ed1i n\u1eafp \u0111\u00f3ng \u00eam Klirr<br \/>\nCollection: Klirr<br \/>\nDimension: (Width x Length x Height): 380 x 685 x 765 mm<br \/>\nThi\u1ebft k\u1ebf: Th\u00e2n d\u00e0i, tho\u00e1t th\u1eb3ng, t\u00e2m x\u1ea3 305mm<br \/>\nMaterial: Ceramic, m\u00e0u \u0111en<br \/>\nH\u1ec7 th\u1ed1ng x\u1ea3 Siphon Jet, ti\u1ebft ki\u1ec7m n\u01b0\u1edbc 3\/ 5,5L<br \/>\nBao g\u1ed3m: Van kh\u00f3a, \u0111\u1ebf c\u1ea7u, d\u00e2y c\u1ea5p<\/p>\n","protected":false},"excerpt":{"rendered":"<p>Product: B\u00e0n c\u1ea7u 1 kh\u1ed1i n\u1eafp \u0111\u00f3ng \u00eam Klirr Collection: Klirr Dimension: (Width x Length x Height): 380 x 685 x 765 mm Thi\u1ebft k\u1ebf: Th\u00e2n d\u00e0i, tho\u00e1t th\u1eb3ng, t\u00e2m x\u1ea3 305mm Material: Ceramic, m\u00e0u \u0111en H\u1ec7 th\u1ed1ng x\u1ea3 Siphon Jet, ti\u1ebft ki\u1ec7m n\u01b0\u1edbc 3\/ 5,5L Bao g\u1ed3m: Van kh\u00f3a, \u0111\u1ebf c\u1ea7u, d\u00e2y c\u1ea5p<\/p>\n","protected":false},"featured_media":0,"comment_status":"open","ping_status":"closed","template":"","meta":{"_acf_changed":false},"product_brand":[],"product_cat":[146,1042],"product_tag":[],"class_list":{"0":"post-6164","1":"product","2":"type-product","3":"status-publish","5":"product_cat-toilet","6":"product_cat-one-piece-toilet","7":"pa_chat-lieu-ceramic","9":"first","10":"instock","11":"shipping-taxable","12":"purchasable","13":"product-type-simple"},"acf":[],"yoast_head":"<!-- This site is optimized with the Yoast SEO plugin v24.9 - https:\/\/yoast.com\/wordpress\/plugins\/seo\/ -->\n<title>C11007 MBK B\u00e0n c\u1ea7u m\u1ed9t kh\u1ed1i - COTTO VI\u1ec6T NAM<\/title>\n<meta name=\"robots\" content=\"index, follow, max-snippet:-1, max-image-preview:large, max-video-preview:-1\" \/>\n<link rel=\"canonical\" href=\"https:\/\/cottovietnam.com\/en\/product\/c11007-mbk-ban-cau-mot-khoi\/\" \/>\n<meta property=\"og:locale\" content=\"en_US\" \/>\n<meta property=\"og:type\" content=\"article\" \/>\n<meta property=\"og:title\" content=\"C11007 MBK B\u00e0n c\u1ea7u m\u1ed9t kh\u1ed1i - COTTO VI\u1ec6T NAM\" \/>\n<meta property=\"og:description\" content=\"Product: B\u00e0n c\u1ea7u 1 kh\u1ed1i n\u1eafp \u0111\u00f3ng \u00eam Klirr Collection: Klirr Dimension: (Width x Length x Height): 380 x 685 x 765 mm Thi\u1ebft k\u1ebf: Th\u00e2n d\u00e0i, tho\u00e1t th\u1eb3ng, t\u00e2m x\u1ea3 305mm Material: Ceramic, m\u00e0u \u0111en H\u1ec7 th\u1ed1ng x\u1ea3 Siphon Jet, ti\u1ebft ki\u1ec7m n\u01b0\u1edbc 3\/ 5,5L Bao g\u1ed3m: Van kh\u00f3a, \u0111\u1ebf c\u1ea7u, d\u00e2y c\u1ea5p\" \/>\n<meta property=\"og:url\" content=\"https:\/\/cottovietnam.com\/en\/product\/c11007-mbk-ban-cau-mot-khoi\/\" \/>\n<meta property=\"og:site_name\" content=\"COTTO VI\u1ec6T NAM\" \/>\n<meta name=\"twitter:card\" content=\"summary_large_image\" \/>\n<script type=\"application\/ld+json\" class=\"yoast-schema-graph\">{\"@context\":\"https:\/\/schema.org\",\"@graph\":[{\"@type\":\"WebPage\",\"@id\":\"https:\/\/cottovietnam.com\/en\/product\/c11007-mbk-ban-cau-mot-khoi\/\",\"url\":\"https:\/\/cottovietnam.com\/en\/product\/c11007-mbk-ban-cau-mot-khoi\/\",\"name\":\"C11007 MBK B\u00e0n c\u1ea7u m\u1ed9t kh\u1ed1i - COTTO VI\u1ec6T NAM\",\"isPartOf\":{\"@id\":\"https:\/\/cottovietnam.com\/en\/#website\"},\"datePublished\":\"2025-07-22T07:25:58+00:00\",\"breadcrumb\":{\"@id\":\"https:\/\/cottovietnam.com\/en\/product\/c11007-mbk-ban-cau-mot-khoi\/#breadcrumb\"},\"inLanguage\":\"en-US\",\"potentialAction\":[{\"@type\":\"ReadAction\",\"target\":[\"https:\/\/cottovietnam.com\/en\/product\/c11007-mbk-ban-cau-mot-khoi\/\"]}]},{\"@type\":\"BreadcrumbList\",\"@id\":\"https:\/\/cottovietnam.com\/en\/product\/c11007-mbk-ban-cau-mot-khoi\/#breadcrumb\",\"itemListElement\":[{\"@type\":\"ListItem\",\"position\":1,\"name\":\"Home\",\"item\":\"https:\/\/cottovietnam.com\/en\/\"},{\"@type\":\"ListItem\",\"position\":2,\"name\":\"Product\",\"item\":\"https:\/\/cottovietnam.com\/en\/product\/\"},{\"@type\":\"ListItem\",\"position\":3,\"name\":\"TOILET\",\"item\":\"https:\/\/cottovietnam.com\/en\/category\/toilet\/\"},{\"@type\":\"ListItem\",\"position\":4,\"name\":\"One piece toilet\",\"item\":\"https:\/\/cottovietnam.com\/en\/category\/toilet\/one-piece-toilet\/\"},{\"@type\":\"ListItem\",\"position\":5,\"name\":\"C11007 MBK B\u00e0n c\u1ea7u m\u1ed9t kh\u1ed1i\"}]},{\"@type\":\"WebSite\",\"@id\":\"https:\/\/cottovietnam.com\/en\/#website\",\"url\":\"https:\/\/cottovietnam.com\/en\/\",\"name\":\"COTTO VI\u1ec6T NAM\",\"description\":\"\",\"potentialAction\":[{\"@type\":\"SearchAction\",\"target\":{\"@type\":\"EntryPoint\",\"urlTemplate\":\"https:\/\/cottovietnam.com\/en\/?s={search_term_string}\"},\"query-input\":{\"@type\":\"PropertyValueSpecification\",\"valueRequired\":true,\"valueName\":\"search_term_string\"}}],\"inLanguage\":\"en-US\"}]}<\/script>\n<!-- \/ Yoast SEO plugin. -->","yoast_head_json":{"title":"C11007 MBK B\u00e0n c\u1ea7u m\u1ed9t kh\u1ed1i - COTTO VI\u1ec6T NAM","robots":{"index":"index","follow":"follow","max-snippet":"max-snippet:-1","max-image-preview":"max-image-preview:large","max-video-preview":"max-video-preview:-1"},"canonical":"https:\/\/cottovietnam.com\/en\/product\/c11007-mbk-ban-cau-mot-khoi\/","og_locale":"en_US","og_type":"article","og_title":"C11007 MBK B\u00e0n c\u1ea7u m\u1ed9t kh\u1ed1i - COTTO VI\u1ec6T NAM","og_description":"Product: B\u00e0n c\u1ea7u 1 kh\u1ed1i n\u1eafp \u0111\u00f3ng \u00eam Klirr Collection: Klirr Dimension: (Width x Length x Height): 380 x 685 x 765 mm Thi\u1ebft k\u1ebf: Th\u00e2n d\u00e0i, tho\u00e1t th\u1eb3ng, t\u00e2m x\u1ea3 305mm Material: Ceramic, m\u00e0u \u0111en H\u1ec7 th\u1ed1ng x\u1ea3 Siphon Jet, ti\u1ebft ki\u1ec7m n\u01b0\u1edbc 3\/ 5,5L Bao g\u1ed3m: Van kh\u00f3a, \u0111\u1ebf c\u1ea7u, d\u00e2y c\u1ea5p","og_url":"https:\/\/cottovietnam.com\/en\/product\/c11007-mbk-ban-cau-mot-khoi\/","og_site_name":"COTTO VI\u1ec6T NAM","twitter_card":"summary_large_image","schema":{"@context":"https:\/\/schema.org","@graph":[{"@type":"WebPage","@id":"https:\/\/cottovietnam.com\/en\/product\/c11007-mbk-ban-cau-mot-khoi\/","url":"https:\/\/cottovietnam.com\/en\/product\/c11007-mbk-ban-cau-mot-khoi\/","name":"C11007 MBK B\u00e0n c\u1ea7u m\u1ed9t kh\u1ed1i - COTTO VI\u1ec6T NAM","isPartOf":{"@id":"https:\/\/cottovietnam.com\/en\/#website"},"datePublished":"2025-07-22T07:25:58+00:00","breadcrumb":{"@id":"https:\/\/cottovietnam.com\/en\/product\/c11007-mbk-ban-cau-mot-khoi\/#breadcrumb"},"inLanguage":"en-US","potentialAction":[{"@type":"ReadAction","target":["https:\/\/cottovietnam.com\/en\/product\/c11007-mbk-ban-cau-mot-khoi\/"]}]},{"@type":"BreadcrumbList","@id":"https:\/\/cottovietnam.com\/en\/product\/c11007-mbk-ban-cau-mot-khoi\/#breadcrumb","itemListElement":[{"@type":"ListItem","position":1,"name":"Home","item":"https:\/\/cottovietnam.com\/en\/"},{"@type":"ListItem","position":2,"name":"Product","item":"https:\/\/cottovietnam.com\/en\/product\/"},{"@type":"ListItem","position":3,"name":"TOILET","item":"https:\/\/cottovietnam.com\/en\/category\/toilet\/"},{"@type":"ListItem","position":4,"name":"One piece toilet","item":"https:\/\/cottovietnam.com\/en\/category\/toilet\/one-piece-toilet\/"},{"@type":"ListItem","position":5,"name":"C11007 MBK B\u00e0n c\u1ea7u m\u1ed9t kh\u1ed1i"}]},{"@type":"WebSite","@id":"https:\/\/cottovietnam.com\/en\/#website","url":"https:\/\/cottovietnam.com\/en\/","name":"COTTO VI\u1ec6T NAM","description":"","potentialAction":[{"@type":"SearchAction","target":{"@type":"EntryPoint","urlTemplate":"https:\/\/cottovietnam.com\/en\/?s={search_term_string}"},"query-input":{"@type":"PropertyValueSpecification","valueRequired":true,"valueName":"search_term_string"}}],"inLanguage":"en-US"}]}},"_links":{"self":[{"href":"https:\/\/cottovietnam.com\/en\/wp-json\/wp\/v2\/product\/6164","targetHints":{"allow":["GET"]}}],"collection":[{"href":"https:\/\/cottovietnam.com\/en\/wp-json\/wp\/v2\/product"}],"about":[{"href":"https:\/\/cottovietnam.com\/en\/wp-json\/wp\/v2\/types\/product"}],"replies":[{"embeddable":true,"href":"https:\/\/cottovietnam.com\/en\/wp-json\/wp\/v2\/comments?post=6164"}],"wp:attachment":[{"href":"https:\/\/cottovietnam.com\/en\/wp-json\/wp\/v2\/media?parent=6164"}],"wp:term":[{"taxonomy":"product_brand","embeddable":true,"href":"https:\/\/cottovietnam.com\/en\/wp-json\/wp\/v2\/product_brand?post=6164"},{"taxonomy":"product_cat","embeddable":true,"href":"https:\/\/cottovietnam.com\/en\/wp-json\/wp\/v2\/product_cat?post=6164"},{"taxonomy":"product_tag","embeddable":true,"href":"https:\/\/cottovietnam.com\/en\/wp-json\/wp\/v2\/product_tag?post=6164"}],"curies":[{"name":"wp","href":"https:\/\/api.w.org\/{rel}","templated":true}]}}