{"id":6230,"date":"2025-07-22T14:27:21","date_gmt":"2025-07-22T07:27:21","guid":{"rendered":"https:\/\/cottovietnam.com\/en\/san-pham\/c12417-c91542-simply-modish-two-piece-tolet-uc-s-trap\/"},"modified":"2025-07-22T14:27:26","modified_gmt":"2025-07-22T07:27:26","slug":"c12417-c91542-simply-modish-two-piece-tolet-uc-s-trap","status":"publish","type":"product","link":"https:\/\/cottovietnam.com\/en\/product\/c12417-c91542-simply-modish-two-piece-tolet-uc-s-trap\/","title":{"rendered":"C12417 +C91542 Simply Modish Two piece tolet. (UC+) (S-Trap)"},"content":{"rendered":"<p>Product: B\u00e0n c\u1ea7u 2 kh\u1ed1i n\u1eafp \u0111\u00f3ng \u00eam Simply Modish<br \/>\nCollection: Simply Modish<br \/>\nDimension: (Width x Length x Height): 385 x 710 x 765 mm<br \/>\nThi\u1ebft k\u1ebf: Th\u00e2n vu\u00f4ng d\u00e0i, tho\u00e1t th\u1eb3ng, t\u00e2m x\u1ea3 305mm<br \/>\nMaterial: Ceramic, Color: White<br \/>\nC\u00f4ng ngh\u1ec7 kh\u00e1ng khu\u1ea9n Ultra Clean+ \u1ee9c ch\u1ebf s\u1ef1 ph\u00e1t tri\u1ec3n c\u1ee7a vi khu\u1ea9n l\u00ean \u0111\u1ebfn 99% trong 24h v\u00e0 b\u1ec1 m\u1eb7t b\u00f3ng m\u1ecbn.<br \/>\nH\u1ec7 th\u1ed1ng x\u1ea3 Triplex, ti\u1ebft ki\u1ec7m n\u01b0\u1edbc 2,5\/4L<br \/>\nBao g\u1ed3m: Van kh\u00f3a, \u0111\u1ebf c\u1ea7u, d\u00e2y c\u1ea5p<\/p>\n","protected":false},"excerpt":{"rendered":"<p>Product: B\u00e0n c\u1ea7u 2 kh\u1ed1i n\u1eafp \u0111\u00f3ng \u00eam Simply Modish Collection: Simply Modish Dimension: (Width x Length x Height): 385 x 710 x 765 mm Thi\u1ebft k\u1ebf: Th\u00e2n vu\u00f4ng d\u00e0i, tho\u00e1t th\u1eb3ng, t\u00e2m x\u1ea3 305mm Material: Ceramic, Color: White C\u00f4ng ngh\u1ec7 kh\u00e1ng khu\u1ea9n Ultra Clean+ \u1ee9c ch\u1ebf s\u1ef1 ph\u00e1t tri\u1ec3n c\u1ee7a vi khu\u1ea9n l\u00ean \u0111\u1ebfn&#8230;<\/p>\n","protected":false},"featured_media":6231,"comment_status":"open","ping_status":"closed","template":"","meta":{"_acf_changed":false},"product_brand":[],"product_cat":[146,1043],"product_tag":[],"class_list":{"0":"post-6230","1":"product","2":"type-product","3":"status-publish","4":"has-post-thumbnail","6":"product_cat-toilet","7":"product_cat-two-piece-toilet","8":"pa_chat-lieu-ceramic","10":"first","11":"instock","12":"shipping-taxable","13":"purchasable","14":"product-type-simple"},"acf":[],"yoast_head":"<!-- This site is optimized with the Yoast SEO plugin v24.9 - https:\/\/yoast.com\/wordpress\/plugins\/seo\/ -->\n<title>C12417 +C91542 Simply Modish Two piece tolet. (UC+) (S-Trap) - COTTO VI\u1ec6T NAM<\/title>\n<meta name=\"robots\" content=\"index, follow, max-snippet:-1, max-image-preview:large, max-video-preview:-1\" \/>\n<link rel=\"canonical\" href=\"https:\/\/cottovietnam.com\/en\/product\/c12417-c91542-simply-modish-two-piece-tolet-uc-s-trap\/\" \/>\n<meta property=\"og:locale\" content=\"en_US\" \/>\n<meta property=\"og:type\" content=\"article\" \/>\n<meta property=\"og:title\" content=\"C12417 +C91542 Simply Modish Two piece tolet. (UC+) (S-Trap) - COTTO VI\u1ec6T NAM\" \/>\n<meta property=\"og:description\" content=\"Product: B\u00e0n c\u1ea7u 2 kh\u1ed1i n\u1eafp \u0111\u00f3ng \u00eam Simply Modish Collection: Simply Modish Dimension: (Width x Length x Height): 385 x 710 x 765 mm Thi\u1ebft k\u1ebf: Th\u00e2n vu\u00f4ng d\u00e0i, tho\u00e1t th\u1eb3ng, t\u00e2m x\u1ea3 305mm Material: Ceramic, Color: White C\u00f4ng ngh\u1ec7 kh\u00e1ng khu\u1ea9n Ultra Clean+ \u1ee9c ch\u1ebf s\u1ef1 ph\u00e1t tri\u1ec3n c\u1ee7a vi khu\u1ea9n l\u00ean \u0111\u1ebfn...\" \/>\n<meta property=\"og:url\" content=\"https:\/\/cottovietnam.com\/en\/product\/c12417-c91542-simply-modish-two-piece-tolet-uc-s-trap\/\" \/>\n<meta property=\"og:site_name\" content=\"COTTO VI\u1ec6T NAM\" \/>\n<meta property=\"article:modified_time\" content=\"2025-07-22T07:27:26+00:00\" \/>\n<meta property=\"og:image\" content=\"https:\/\/cottovietnam.com\/en\/wp-content\/uploads\/2025\/07\/C12417-2.jpg\" \/>\n\t<meta property=\"og:image:width\" content=\"800\" \/>\n\t<meta property=\"og:image:height\" content=\"800\" \/>\n\t<meta property=\"og:image:type\" content=\"image\/jpeg\" \/>\n<meta name=\"twitter:card\" content=\"summary_large_image\" \/>\n<meta name=\"twitter:label1\" content=\"Est. reading time\" \/>\n\t<meta name=\"twitter:data1\" content=\"1 minute\" \/>\n<script type=\"application\/ld+json\" class=\"yoast-schema-graph\">{\"@context\":\"https:\/\/schema.org\",\"@graph\":[{\"@type\":\"WebPage\",\"@id\":\"https:\/\/cottovietnam.com\/en\/product\/c12417-c91542-simply-modish-two-piece-tolet-uc-s-trap\/\",\"url\":\"https:\/\/cottovietnam.com\/en\/product\/c12417-c91542-simply-modish-two-piece-tolet-uc-s-trap\/\",\"name\":\"C12417 +C91542 Simply Modish Two piece tolet. (UC+) (S-Trap) - COTTO VI\u1ec6T NAM\",\"isPartOf\":{\"@id\":\"https:\/\/cottovietnam.com\/en\/#website\"},\"primaryImageOfPage\":{\"@id\":\"https:\/\/cottovietnam.com\/en\/product\/c12417-c91542-simply-modish-two-piece-tolet-uc-s-trap\/#primaryimage\"},\"image\":{\"@id\":\"https:\/\/cottovietnam.com\/en\/product\/c12417-c91542-simply-modish-two-piece-tolet-uc-s-trap\/#primaryimage\"},\"thumbnailUrl\":\"https:\/\/cottovietnam.com\/en\/wp-content\/uploads\/2025\/07\/C12417-2.jpg\",\"datePublished\":\"2025-07-22T07:27:21+00:00\",\"dateModified\":\"2025-07-22T07:27:26+00:00\",\"breadcrumb\":{\"@id\":\"https:\/\/cottovietnam.com\/en\/product\/c12417-c91542-simply-modish-two-piece-tolet-uc-s-trap\/#breadcrumb\"},\"inLanguage\":\"en-US\",\"potentialAction\":[{\"@type\":\"ReadAction\",\"target\":[\"https:\/\/cottovietnam.com\/en\/product\/c12417-c91542-simply-modish-two-piece-tolet-uc-s-trap\/\"]}]},{\"@type\":\"ImageObject\",\"inLanguage\":\"en-US\",\"@id\":\"https:\/\/cottovietnam.com\/en\/product\/c12417-c91542-simply-modish-two-piece-tolet-uc-s-trap\/#primaryimage\",\"url\":\"https:\/\/cottovietnam.com\/en\/wp-content\/uploads\/2025\/07\/C12417-2.jpg\",\"contentUrl\":\"https:\/\/cottovietnam.com\/en\/wp-content\/uploads\/2025\/07\/C12417-2.jpg\",\"width\":800,\"height\":800},{\"@type\":\"BreadcrumbList\",\"@id\":\"https:\/\/cottovietnam.com\/en\/product\/c12417-c91542-simply-modish-two-piece-tolet-uc-s-trap\/#breadcrumb\",\"itemListElement\":[{\"@type\":\"ListItem\",\"position\":1,\"name\":\"Home\",\"item\":\"https:\/\/cottovietnam.com\/en\/\"},{\"@type\":\"ListItem\",\"position\":2,\"name\":\"Product\",\"item\":\"https:\/\/cottovietnam.com\/en\/product\/\"},{\"@type\":\"ListItem\",\"position\":3,\"name\":\"TOILET\",\"item\":\"https:\/\/cottovietnam.com\/en\/category\/toilet\/\"},{\"@type\":\"ListItem\",\"position\":4,\"name\":\"Two piece Toilet\",\"item\":\"https:\/\/cottovietnam.com\/en\/category\/toilet\/two-piece-toilet\/\"},{\"@type\":\"ListItem\",\"position\":5,\"name\":\"C12417 +C91542 Simply Modish Two piece tolet. (UC+) (S-Trap)\"}]},{\"@type\":\"WebSite\",\"@id\":\"https:\/\/cottovietnam.com\/en\/#website\",\"url\":\"https:\/\/cottovietnam.com\/en\/\",\"name\":\"COTTO VI\u1ec6T NAM\",\"description\":\"\",\"potentialAction\":[{\"@type\":\"SearchAction\",\"target\":{\"@type\":\"EntryPoint\",\"urlTemplate\":\"https:\/\/cottovietnam.com\/en\/?s={search_term_string}\"},\"query-input\":{\"@type\":\"PropertyValueSpecification\",\"valueRequired\":true,\"valueName\":\"search_term_string\"}}],\"inLanguage\":\"en-US\"}]}<\/script>\n<!-- \/ Yoast SEO plugin. -->","yoast_head_json":{"title":"C12417 +C91542 Simply Modish Two piece tolet. (UC+) (S-Trap) - COTTO VI\u1ec6T NAM","robots":{"index":"index","follow":"follow","max-snippet":"max-snippet:-1","max-image-preview":"max-image-preview:large","max-video-preview":"max-video-preview:-1"},"canonical":"https:\/\/cottovietnam.com\/en\/product\/c12417-c91542-simply-modish-two-piece-tolet-uc-s-trap\/","og_locale":"en_US","og_type":"article","og_title":"C12417 +C91542 Simply Modish Two piece tolet. (UC+) (S-Trap) - COTTO VI\u1ec6T NAM","og_description":"Product: B\u00e0n c\u1ea7u 2 kh\u1ed1i n\u1eafp \u0111\u00f3ng \u00eam Simply Modish Collection: Simply Modish Dimension: (Width x Length x Height): 385 x 710 x 765 mm Thi\u1ebft k\u1ebf: Th\u00e2n vu\u00f4ng d\u00e0i, tho\u00e1t th\u1eb3ng, t\u00e2m x\u1ea3 305mm Material: Ceramic, Color: White C\u00f4ng ngh\u1ec7 kh\u00e1ng khu\u1ea9n Ultra Clean+ \u1ee9c ch\u1ebf s\u1ef1 ph\u00e1t tri\u1ec3n c\u1ee7a vi khu\u1ea9n l\u00ean \u0111\u1ebfn...","og_url":"https:\/\/cottovietnam.com\/en\/product\/c12417-c91542-simply-modish-two-piece-tolet-uc-s-trap\/","og_site_name":"COTTO VI\u1ec6T NAM","article_modified_time":"2025-07-22T07:27:26+00:00","og_image":[{"width":800,"height":800,"url":"https:\/\/cottovietnam.com\/en\/wp-content\/uploads\/2025\/07\/C12417-2.jpg","type":"image\/jpeg"}],"twitter_card":"summary_large_image","twitter_misc":{"Est. reading time":"1 minute"},"schema":{"@context":"https:\/\/schema.org","@graph":[{"@type":"WebPage","@id":"https:\/\/cottovietnam.com\/en\/product\/c12417-c91542-simply-modish-two-piece-tolet-uc-s-trap\/","url":"https:\/\/cottovietnam.com\/en\/product\/c12417-c91542-simply-modish-two-piece-tolet-uc-s-trap\/","name":"C12417 +C91542 Simply Modish Two piece tolet. (UC+) (S-Trap) - COTTO VI\u1ec6T NAM","isPartOf":{"@id":"https:\/\/cottovietnam.com\/en\/#website"},"primaryImageOfPage":{"@id":"https:\/\/cottovietnam.com\/en\/product\/c12417-c91542-simply-modish-two-piece-tolet-uc-s-trap\/#primaryimage"},"image":{"@id":"https:\/\/cottovietnam.com\/en\/product\/c12417-c91542-simply-modish-two-piece-tolet-uc-s-trap\/#primaryimage"},"thumbnailUrl":"https:\/\/cottovietnam.com\/en\/wp-content\/uploads\/2025\/07\/C12417-2.jpg","datePublished":"2025-07-22T07:27:21+00:00","dateModified":"2025-07-22T07:27:26+00:00","breadcrumb":{"@id":"https:\/\/cottovietnam.com\/en\/product\/c12417-c91542-simply-modish-two-piece-tolet-uc-s-trap\/#breadcrumb"},"inLanguage":"en-US","potentialAction":[{"@type":"ReadAction","target":["https:\/\/cottovietnam.com\/en\/product\/c12417-c91542-simply-modish-two-piece-tolet-uc-s-trap\/"]}]},{"@type":"ImageObject","inLanguage":"en-US","@id":"https:\/\/cottovietnam.com\/en\/product\/c12417-c91542-simply-modish-two-piece-tolet-uc-s-trap\/#primaryimage","url":"https:\/\/cottovietnam.com\/en\/wp-content\/uploads\/2025\/07\/C12417-2.jpg","contentUrl":"https:\/\/cottovietnam.com\/en\/wp-content\/uploads\/2025\/07\/C12417-2.jpg","width":800,"height":800},{"@type":"BreadcrumbList","@id":"https:\/\/cottovietnam.com\/en\/product\/c12417-c91542-simply-modish-two-piece-tolet-uc-s-trap\/#breadcrumb","itemListElement":[{"@type":"ListItem","position":1,"name":"Home","item":"https:\/\/cottovietnam.com\/en\/"},{"@type":"ListItem","position":2,"name":"Product","item":"https:\/\/cottovietnam.com\/en\/product\/"},{"@type":"ListItem","position":3,"name":"TOILET","item":"https:\/\/cottovietnam.com\/en\/category\/toilet\/"},{"@type":"ListItem","position":4,"name":"Two piece Toilet","item":"https:\/\/cottovietnam.com\/en\/category\/toilet\/two-piece-toilet\/"},{"@type":"ListItem","position":5,"name":"C12417 +C91542 Simply Modish Two piece tolet. (UC+) (S-Trap)"}]},{"@type":"WebSite","@id":"https:\/\/cottovietnam.com\/en\/#website","url":"https:\/\/cottovietnam.com\/en\/","name":"COTTO VI\u1ec6T NAM","description":"","potentialAction":[{"@type":"SearchAction","target":{"@type":"EntryPoint","urlTemplate":"https:\/\/cottovietnam.com\/en\/?s={search_term_string}"},"query-input":{"@type":"PropertyValueSpecification","valueRequired":true,"valueName":"search_term_string"}}],"inLanguage":"en-US"}]}},"_links":{"self":[{"href":"https:\/\/cottovietnam.com\/en\/wp-json\/wp\/v2\/product\/6230","targetHints":{"allow":["GET"]}}],"collection":[{"href":"https:\/\/cottovietnam.com\/en\/wp-json\/wp\/v2\/product"}],"about":[{"href":"https:\/\/cottovietnam.com\/en\/wp-json\/wp\/v2\/types\/product"}],"replies":[{"embeddable":true,"href":"https:\/\/cottovietnam.com\/en\/wp-json\/wp\/v2\/comments?post=6230"}],"wp:featuredmedia":[{"embeddable":true,"href":"https:\/\/cottovietnam.com\/en\/wp-json\/wp\/v2\/media\/6231"}],"wp:attachment":[{"href":"https:\/\/cottovietnam.com\/en\/wp-json\/wp\/v2\/media?parent=6230"}],"wp:term":[{"taxonomy":"product_brand","embeddable":true,"href":"https:\/\/cottovietnam.com\/en\/wp-json\/wp\/v2\/product_brand?post=6230"},{"taxonomy":"product_cat","embeddable":true,"href":"https:\/\/cottovietnam.com\/en\/wp-json\/wp\/v2\/product_cat?post=6230"},{"taxonomy":"product_tag","embeddable":true,"href":"https:\/\/cottovietnam.com\/en\/wp-json\/wp\/v2\/product_tag?post=6230"}],"curies":[{"name":"wp","href":"https:\/\/api.w.org\/{rel}","templated":true}]}}